{"id":167,"date":"2024-07-21T06:19:33","date_gmt":"2024-07-21T04:19:33","guid":{"rendered":"http:\/\/www.refugeheva.com\/refugeheva\/index.php\/offerings\/"},"modified":"2024-07-21T17:48:45","modified_gmt":"2024-07-21T15:48:45","slug":"offerings","status":"publish","type":"page","link":"http:\/\/www.refugeheva.com\/refugeheva\/offerings\/","title":{"rendered":"Offerings"},"content":{"rendered":"\n<div class=\"wp-block-uagb-container uagb-block-6803eae3 alignfull uagb-is-root-container\"><div class=\"uagb-container-inner-blocks-wrap\">\n<div class=\"wp-block-uagb-advanced-heading uagb-block-a2f9964e\"><h1 class=\"uagb-heading-text\">D\u00e9couvrez nos offres<\/h1><\/div>\n<\/div><\/div>\n\n\n\n<div class=\"wp-block-uagb-container uagb-block-623363c6 alignfull uagb-is-root-container\"><div class=\"uagb-container-inner-blocks-wrap\">\n<div class=\"wp-block-uagb-info-box uagb-block-3801b6ed uagb-infobox__content-wrap  uagb-infobox-icon-above-title uagb-infobox-image-valign-top\"><div class=\"uagb-ifb-content\"><div class=\"uagb-ifb-title-wrap\"><h2 class=\"uagb-ifb-title\">Nos Principales Offres<\/h2><\/div><p class=\"uagb-ifb-desc\">Explorez les services et h\u00e9bergements uniques que nous proposons pour des s\u00e9jours inoubliables<\/p><\/div><\/div>\n\n\n\n<div class=\"wp-block-uagb-container uagb-block-e91230d3\">\n<div class=\"wp-block-uagb-container uagb-block-b46395ef\">\n<div class=\"wp-block-uagb-image alignleft uagb-block-4ff9da3f wp-block-uagb-image--layout-default wp-block-uagb-image--effect-static wp-block-uagb-image--align-left\"><figure class=\"wp-block-uagb-image__figure\"><img loading=\"lazy\" decoding=\"async\" srcset=\"http:\/\/www.refugeheva.com\/refugeheva\/wp-content\/uploads\/2024\/07\/IMG_20221218_174411_688-scaled.jpg ,http:\/\/www.refugeheva.com\/refugeheva\/wp-content\/uploads\/2024\/07\/IMG_20221218_174411_688-scaled.jpg 780w, http:\/\/www.refugeheva.com\/refugeheva\/wp-content\/uploads\/2024\/07\/IMG_20221218_174411_688-scaled.jpg 360w\" sizes=\"auto, (max-width: 480px) 150px\" src=\"http:\/\/www.refugeheva.com\/refugeheva\/wp-content\/uploads\/2024\/07\/IMG_20221218_174411_688-scaled.jpg\" alt=\"\" class=\"uag-image-18\" width=\"560\" height=\"500\" title=\"\" loading=\"lazy\" role=\"img\"\/><\/figure><\/div>\n<\/div>\n\n\n\n<div class=\"wp-block-uagb-container uagb-block-7621abb2\">\n<div class=\"wp-block-uagb-info-box uagb-block-f3d2d6b2 uagb-infobox__content-wrap  uagb-infobox-icon-above-title uagb-infobox-image-valign-top\"><div class=\"uagb-ifb-content\"><div class=\"uagb-ifb-title-wrap\"><span class=\"uagb-ifb-title-prefix\">01<\/span><h3 class=\"uagb-ifb-title\">Maison Familiale<\/h3><\/div><p class=\"uagb-ifb-desc\">Offrez-vous un s\u00e9jour confortable dans notre Maison Familiale tout \u00e9quip\u00e9e, id\u00e9ale pour les familles, offrant une vue magnifique sur les montagnes et le Voile de la Mari\u00e9e.S<\/p><div class=\"uagb-ifb-button-wrapper wp-block-button\"><a href=\"contact\/\" class=\"uagb-infobox-cta-link wp-block-button__link\" target=\"_self\" rel=\"noopener noreferrer\" onclick=\"return true;\"><span class=\"uagb-inline-editing\">Commencer<\/span><\/a><\/div><\/div><\/div>\n<\/div>\n<\/div>\n\n\n\n<div class=\"wp-block-uagb-container uagb-block-3893b8aa\">\n<div class=\"wp-block-uagb-container uagb-block-b02b419f\">\n<div class=\"wp-block-uagb-image alignright uagb-block-2622f629 wp-block-uagb-image--layout-default wp-block-uagb-image--effect-static wp-block-uagb-image--align-right\"><figure class=\"wp-block-uagb-image__figure\"><img loading=\"lazy\" decoding=\"async\" srcset=\"http:\/\/www.refugeheva.com\/refugeheva\/wp-content\/uploads\/2024\/07\/IMG_20240712_135859-scaled.jpg ,http:\/\/www.refugeheva.com\/refugeheva\/wp-content\/uploads\/2024\/07\/IMG_20240712_135859-scaled.jpg 780w, http:\/\/www.refugeheva.com\/refugeheva\/wp-content\/uploads\/2024\/07\/IMG_20240712_135859-scaled.jpg 360w\" sizes=\"auto, (max-width: 480px) 150px\" src=\"http:\/\/www.refugeheva.com\/refugeheva\/wp-content\/uploads\/2024\/07\/IMG_20240712_135859-scaled.jpg\" alt=\"\" class=\"uag-image-19\" width=\"560\" height=\"500\" title=\"\" loading=\"lazy\" role=\"img\"\/><\/figure><\/div>\n<\/div>\n\n\n\n<div class=\"wp-block-uagb-container uagb-block-862a6668\">\n<div class=\"wp-block-uagb-info-box uagb-block-411c16f4 uagb-infobox__content-wrap  uagb-infobox-icon-above-title uagb-infobox-image-valign-top\"><div class=\"uagb-ifb-content\"><div class=\"uagb-ifb-title-wrap\"><span class=\"uagb-ifb-title-prefix\">02<\/span><h3 class=\"uagb-ifb-title\">Bulle Insolite<\/h3><\/div><p class=\"uagb-ifb-desc\">Vivez une exp\u00e9rience unique dans notre Bulle Insolite pour deux, avec une vue \u00e0 360\u00b0 sur les montagnes et les \u00e9toiles, id\u00e9ale pour une escapade romantique.<\/p><div class=\"uagb-ifb-button-wrapper wp-block-button\"><a href=\"contact\/\" class=\"uagb-infobox-cta-link wp-block-button__link\" target=\"_self\" rel=\"noopener noreferrer\" onclick=\"return true;\"><span class=\"uagb-inline-editing\">Commencer<\/span><\/a><\/div><\/div><\/div>\n<\/div>\n<\/div>\n\n\n\n<div class=\"wp-block-uagb-container uagb-block-64c2a67e\">\n<div class=\"wp-block-uagb-container uagb-block-3fbfeeed\">\n<div class=\"wp-block-uagb-image alignleft uagb-block-5517d747 wp-block-uagb-image--layout-default wp-block-uagb-image--effect-static wp-block-uagb-image--align-left\"><figure class=\"wp-block-uagb-image__figure\"><img loading=\"lazy\" decoding=\"async\" srcset=\"http:\/\/www.refugeheva.com\/refugeheva\/wp-content\/uploads\/2024\/07\/attrap-reves.jpg ,http:\/\/www.refugeheva.com\/refugeheva\/wp-content\/uploads\/2024\/07\/attrap-reves.jpg 780w, http:\/\/www.refugeheva.com\/refugeheva\/wp-content\/uploads\/2024\/07\/attrap-reves.jpg 360w\" sizes=\"auto, (max-width: 480px) 150px\" src=\"http:\/\/www.refugeheva.com\/refugeheva\/wp-content\/uploads\/2024\/07\/attrap-reves.jpg\" alt=\"petit d\u00e9jeuner refuge d'heva\" class=\"uag-image-1609\" width=\"560\" height=\"500\" title=\"attrap-reves\" loading=\"lazy\" role=\"img\"\/><\/figure><\/div>\n<\/div>\n\n\n\n<div class=\"wp-block-uagb-container uagb-block-4906a1e2\">\n<div class=\"wp-block-uagb-info-box uagb-block-b2c48bb3 uagb-infobox__content-wrap  uagb-infobox-icon-above-title uagb-infobox-image-valign-top\"><div class=\"uagb-ifb-content\"><div class=\"uagb-ifb-title-wrap\"><span class=\"uagb-ifb-title-prefix\">03<\/span><h3 class=\"uagb-ifb-title\">Services supplementaires<\/h3><\/div><p class=\"uagb-ifb-desc\">Simplifiez vous la vie avec le petit dejeuner sur place ainsi que le diner specialit\u00e9 cr\u00e9ole.<\/p><div class=\"uagb-ifb-button-wrapper wp-block-button\"><a href=\"contact\/\" class=\"uagb-infobox-cta-link wp-block-button__link\" target=\"_self\" rel=\"noopener noreferrer\" onclick=\"return true;\"><span class=\"uagb-inline-editing\">Commencer<\/span><\/a><\/div><\/div><\/div>\n<\/div>\n<\/div>\n<\/div><\/div>\n\n\n\n<div class=\"wp-block-uagb-container uagb-block-407e9912 alignfull uagb-is-root-container\"><div class=\"uagb-container-inner-blocks-wrap\">\n<div class=\"wp-block-uagb-testimonial uagb-slick-carousel uagb-tm__arrow-outside uagb-block-63d6bdbb uagb-post__carousel_notset uagb-post__carousel_notset-tablet uagb-post__carousel_notset-mobile\"><div class=\"is-carousel uagb-tm__columns-1 uagb-tm__items\"><div class=\"uagb-testimonial__wrap  uagb-tm__imgicon-style-circle uagb-tm__image-position-top uagb-tm__bg-type-none \"><div class=\"uagb-tm__content\"><div class=\"uagb-tm__overlay\"><\/div><div class=\"uagb-tm__image-content\"><div class=\"uagb-tm__image\"><img loading=\"lazy\" decoding=\"async\" class=\"uagb-tm-img-src\" src=\"http:\/\/www.refugeheva.com\/refugeheva\/wp-content\/uploads\/2023\/08\/testimonial-skip-02-1.jpeg\" alt=\"\" width=\"60\" height=\"60\" loading=\"lazy\"\/><\/div><\/div><div class=\"uagb-tm__text-wrap\"><div class=\"uagb-tm__desc\">Superbe nuit dans l appartement de Landry! R\u00e9veil insolite sur le voile de la mari\u00e9.<br>Merci<\/div><div class=\"uagb-tm__meta-inner\"><div class=\"uagb-testimonial-details\"><span class=\"uagb-tm__author-name\">Laura<\/span><span class=\"uagb-tm__company\"><\/span><\/div><\/div><\/div><\/div><\/div><\/div><\/div>\n<\/div><\/div>\n\n\n\n<div class=\"wp-block-uagb-container uagb-block-c6476a98 alignfull uagb-is-root-container\"><div class=\"uagb-container-inner-blocks-wrap\">\n<div class=\"wp-block-uagb-container uagb-block-499f3e2a\">\n<div class=\"wp-block-uagb-advanced-heading uagb-block-6fe09642\"><h2 class=\"uagb-heading-text\">Notre Promesse Unique<\/h2><\/div>\n\n\n\n<div class=\"wp-block-uagb-advanced-heading uagb-block-72279faa\"><p class=\"uagb-heading-text\">D\u00e9couvrez comment nous cr\u00e9ons des exp\u00e9riences uniques et m\u00e9morables pour nos clients \u00e0 chaque s\u00e9jour.<\/p><\/div>\n<\/div>\n\n\n\n<div class=\"wp-block-uagb-container uagb-block-8c7963ad\">\n<div class=\"wp-block-uagb-container uagb-block-918d0378\">\n<div class=\"wp-block-uagb-image uagb-block-0a080123 wp-block-uagb-image--layout-default wp-block-uagb-image--effect-static wp-block-uagb-image--align-none\"><figure class=\"wp-block-uagb-image__figure\"><img loading=\"lazy\" decoding=\"async\" srcset=\"http:\/\/www.refugeheva.com\/refugeheva\/wp-content\/uploads\/2024\/07\/IMG_20221218_174411_688-scaled.jpg ,http:\/\/www.refugeheva.com\/refugeheva\/wp-content\/uploads\/2024\/07\/IMG_20221218_174411_688-scaled.jpg 780w, http:\/\/www.refugeheva.com\/refugeheva\/wp-content\/uploads\/2024\/07\/IMG_20221218_174411_688-scaled.jpg 360w\" sizes=\"auto, (max-width: 480px) 150px\" src=\"http:\/\/www.refugeheva.com\/refugeheva\/wp-content\/uploads\/2024\/07\/IMG_20221218_174411_688-scaled.jpg\" alt=\"\" class=\"uag-image-18\" width=\"560\" height=\"450\" title=\"\" loading=\"lazy\" role=\"img\"\/><\/figure><\/div>\n\n\n\n<div class=\"wp-block-uagb-advanced-heading uagb-block-53687665\"><h3 class=\"uagb-heading-text\">Confort Familial<\/h3><p class=\"uagb-desc-text\">Confort et convivialit\u00e9 pour des moments partag\u00e9s en famille dans un cadre naturel exceptionnel.<\/p><\/div>\n<\/div>\n\n\n\n<div class=\"wp-block-uagb-container uagb-block-a2b4d0ac\">\n<div class=\"wp-block-uagb-image alignleft uagb-block-7a16e14f wp-block-uagb-image--layout-default wp-block-uagb-image--effect-static wp-block-uagb-image--align-left\"><figure class=\"wp-block-uagb-image__figure\"><img loading=\"lazy\" decoding=\"async\" srcset=\"http:\/\/www.refugeheva.com\/refugeheva\/wp-content\/uploads\/2024\/07\/IMG_20240712_135859-scaled.jpg ,http:\/\/www.refugeheva.com\/refugeheva\/wp-content\/uploads\/2024\/07\/IMG_20240712_135859-scaled.jpg 780w, http:\/\/www.refugeheva.com\/refugeheva\/wp-content\/uploads\/2024\/07\/IMG_20240712_135859-scaled.jpg 360w\" sizes=\"auto, (max-width: 480px) 150px\" src=\"http:\/\/www.refugeheva.com\/refugeheva\/wp-content\/uploads\/2024\/07\/IMG_20240712_135859-scaled.jpg\" alt=\"\" class=\"uag-image-19\" width=\"560\" height=\"450\" title=\"\" loading=\"lazy\" role=\"img\"\/><\/figure><\/div>\n\n\n\n<div class=\"wp-block-uagb-advanced-heading uagb-block-c5a580ac\"><h3 class=\"uagb-heading-text\">Exp\u00e9rience Romantique<\/h3><p class=\"uagb-desc-text\">Vivez des instants uniques avec votre partenaire, en harmonie avec la nature et les \u00e9toiles pour des souvenirs inoubliables.<\/p><\/div>\n<\/div>\n<\/div>\n<\/div><\/div>\n\n\n\n<div class=\"wp-block-uagb-container uagb-block-c84325e4 alignfull uagb-is-root-container\"><div class=\"uagb-container-inner-blocks-wrap\">\n<div class=\"wp-block-uagb-info-box uagb-block-d8a09d88 uagb-infobox__content-wrap  uagb-infobox-icon-above-title uagb-infobox-image-valign-top\"><div class=\"uagb-ifb-content\"><div class=\"uagb-ifb-title-wrap\"><h2 class=\"uagb-ifb-title\">Abonnez-vous \u00e0 notre Newsletter<\/h2><\/div><p class=\"uagb-ifb-desc\">Recevez les derni\u00e8res offres et actualit\u00e9s du Refuge d&rsquo;Heva directement dans votre bo\u00eete de r\u00e9ception. Ne manquez aucune nouveaut\u00e9 !<\/p><div class=\"uagb-ifb-button-wrapper wp-block-button\"><a href=\"\/contact\/\" class=\"uagb-infobox-cta-link wp-block-button__link\" target=\"_self\" rel=\"noopener noreferrer\" onclick=\"return true;\" alt=\"\"><span class=\"uagb-inline-editing\">R\u00e9servez maintenant<\/span><\/a><\/div><\/div><\/div>\n<\/div><\/div>\n","protected":false},"excerpt":{"rendered":"<p>D\u00e9couvrez nos offres Notre Promesse Unique D\u00e9couvrez comment nous cr\u00e9ons des exp\u00e9riences uniques et m\u00e9morables pour nos clients \u00e0 chaque [&hellip;]<\/p>\n","protected":false},"author":1,"featured_media":0,"parent":0,"menu_order":0,"comment_status":"closed","ping_status":"closed","template":"","meta":{"_uag_custom_page_level_css":"","site-sidebar-layout":"default","site-content-layout":"","ast-site-content-layout":"default","site-content-style":"default","site-sidebar-style":"default","ast-global-header-display":"","ast-banner-title-visibility":"","ast-main-header-display":"","ast-hfb-above-header-display":"","ast-hfb-below-header-display":"","ast-hfb-mobile-header-display":"","site-post-title":"disabled","ast-breadcrumbs-content":"","ast-featured-img":"","footer-sml-layout":"","theme-transparent-header-meta":"enabled","adv-header-id-meta":"","stick-header-meta":"","header-above-stick-meta":"","header-main-stick-meta":"","header-below-stick-meta":"","astra-migrate-meta-layouts":"set","ast-page-background-enabled":"default","ast-page-background-meta":{"desktop":{"background-color":"var(--ast-global-color-4)","background-image":"","background-repeat":"repeat","background-position":"center center","background-size":"auto","background-attachment":"scroll","background-type":"","background-media":"","overlay-type":"","overlay-color":"","overlay-opacity":"","overlay-gradient":""},"tablet":{"background-color":"","background-image":"","background-repeat":"repeat","background-position":"center center","background-size":"auto","background-attachment":"scroll","background-type":"","background-media":"","overlay-type":"","overlay-color":"","overlay-opacity":"","overlay-gradient":""},"mobile":{"background-color":"","background-image":"","background-repeat":"repeat","background-position":"center center","background-size":"auto","background-attachment":"scroll","background-type":"","background-media":"","overlay-type":"","overlay-color":"","overlay-opacity":"","overlay-gradient":""}},"ast-content-background-meta":{"desktop":{"background-color":"var(--ast-global-color-5)","background-image":"","background-repeat":"repeat","background-position":"center center","background-size":"auto","background-attachment":"scroll","background-type":"","background-media":"","overlay-type":"","overlay-color":"","overlay-opacity":"","overlay-gradient":""},"tablet":{"background-color":"var(--ast-global-color-5)","background-image":"","background-repeat":"repeat","background-position":"center center","background-size":"auto","background-attachment":"scroll","background-type":"","background-media":"","overlay-type":"","overlay-color":"","overlay-opacity":"","overlay-gradient":""},"mobile":{"background-color":"var(--ast-global-color-5)","background-image":"","background-repeat":"repeat","background-position":"center center","background-size":"auto","background-attachment":"scroll","background-type":"","background-media":"","overlay-type":"","overlay-color":"","overlay-opacity":"","overlay-gradient":""}},"footnotes":""},"class_list":["post-167","page","type-page","status-publish","hentry"],"yoast_head":"<!-- This site is optimized with the Yoast SEO plugin v23.0 - https:\/\/yoast.com\/wordpress\/plugins\/seo\/ -->\n<title>Offerings - Refuge d&#039;Heva<\/title>\n<meta name=\"robots\" content=\"index, follow, max-snippet:-1, max-image-preview:large, max-video-preview:-1\" \/>\n<link rel=\"canonical\" href=\"http:\/\/www.refugeheva.com\/refugeheva\/offerings\/\" \/>\n<meta property=\"og:locale\" content=\"fr_FR\" \/>\n<meta property=\"og:type\" content=\"article\" \/>\n<meta property=\"og:title\" content=\"Offerings - Refuge d&#039;Heva\" \/>\n<meta property=\"og:description\" content=\"D\u00e9couvrez nos offres Notre Promesse Unique D\u00e9couvrez comment nous cr\u00e9ons des exp\u00e9riences uniques et m\u00e9morables pour nos clients \u00e0 chaque [&hellip;]\" \/>\n<meta property=\"og:url\" content=\"http:\/\/www.refugeheva.com\/refugeheva\/offerings\/\" \/>\n<meta property=\"og:site_name\" content=\"Refuge d&#039;Heva\" \/>\n<meta property=\"article:modified_time\" content=\"2024-07-21T15:48:45+00:00\" \/>\n<meta property=\"og:image\" content=\"http:\/\/www.refugeheva.com\/refugeheva\/wp-content\/uploads\/2024\/07\/IMG_20221218_174411_688-scaled.jpg\" \/>\n<meta name=\"twitter:card\" content=\"summary_large_image\" \/>\n<meta name=\"twitter:label1\" content=\"Dur\u00e9e de lecture estim\u00e9e\" \/>\n\t<meta name=\"twitter:data1\" content=\"3 minutes\" \/>\n<script type=\"application\/ld+json\" class=\"yoast-schema-graph\">{\"@context\":\"https:\/\/schema.org\",\"@graph\":[{\"@type\":\"WebPage\",\"@id\":\"http:\/\/www.refugeheva.com\/refugeheva\/offerings\/\",\"url\":\"http:\/\/www.refugeheva.com\/refugeheva\/offerings\/\",\"name\":\"Offerings - Refuge d&#039;Heva\",\"isPartOf\":{\"@id\":\"http:\/\/www.refugeheva.com\/refugeheva\/#website\"},\"primaryImageOfPage\":{\"@id\":\"http:\/\/www.refugeheva.com\/refugeheva\/offerings\/#primaryimage\"},\"image\":{\"@id\":\"http:\/\/www.refugeheva.com\/refugeheva\/offerings\/#primaryimage\"},\"thumbnailUrl\":\"http:\/\/www.refugeheva.com\/refugeheva\/wp-content\/uploads\/2024\/07\/IMG_20221218_174411_688-scaled.jpg\",\"datePublished\":\"2024-07-21T04:19:33+00:00\",\"dateModified\":\"2024-07-21T15:48:45+00:00\",\"breadcrumb\":{\"@id\":\"http:\/\/www.refugeheva.com\/refugeheva\/offerings\/#breadcrumb\"},\"inLanguage\":\"fr-FR\",\"potentialAction\":[{\"@type\":\"ReadAction\",\"target\":[\"http:\/\/www.refugeheva.com\/refugeheva\/offerings\/\"]}]},{\"@type\":\"ImageObject\",\"inLanguage\":\"fr-FR\",\"@id\":\"http:\/\/www.refugeheva.com\/refugeheva\/offerings\/#primaryimage\",\"url\":\"http:\/\/www.refugeheva.com\/refugeheva\/wp-content\/uploads\/2024\/07\/IMG_20221218_174411_688-scaled.jpg\",\"contentUrl\":\"http:\/\/www.refugeheva.com\/refugeheva\/wp-content\/uploads\/2024\/07\/IMG_20221218_174411_688-scaled.jpg\",\"width\":2560,\"height\":1707,\"caption\":\"refuge d'Heva - Salazie\"},{\"@type\":\"BreadcrumbList\",\"@id\":\"http:\/\/www.refugeheva.com\/refugeheva\/offerings\/#breadcrumb\",\"itemListElement\":[{\"@type\":\"ListItem\",\"position\":1,\"name\":\"Accueil\",\"item\":\"http:\/\/www.refugeheva.com\/refugeheva\/\"},{\"@type\":\"ListItem\",\"position\":2,\"name\":\"Offerings\"}]},{\"@type\":\"WebSite\",\"@id\":\"http:\/\/www.refugeheva.com\/refugeheva\/#website\",\"url\":\"http:\/\/www.refugeheva.com\/refugeheva\/\",\"name\":\"Refuge d&#039;Heva\",\"description\":\"Evasion en nature\",\"potentialAction\":[{\"@type\":\"SearchAction\",\"target\":{\"@type\":\"EntryPoint\",\"urlTemplate\":\"http:\/\/www.refugeheva.com\/refugeheva\/?s={search_term_string}\"},\"query-input\":\"required name=search_term_string\"}],\"inLanguage\":\"fr-FR\"}]}<\/script>\n<!-- \/ Yoast SEO plugin. -->","yoast_head_json":{"title":"Offerings - Refuge d&#039;Heva","robots":{"index":"index","follow":"follow","max-snippet":"max-snippet:-1","max-image-preview":"max-image-preview:large","max-video-preview":"max-video-preview:-1"},"canonical":"http:\/\/www.refugeheva.com\/refugeheva\/offerings\/","og_locale":"fr_FR","og_type":"article","og_title":"Offerings - Refuge d&#039;Heva","og_description":"D\u00e9couvrez nos offres Notre Promesse Unique D\u00e9couvrez comment nous cr\u00e9ons des exp\u00e9riences uniques et m\u00e9morables pour nos clients \u00e0 chaque [&hellip;]","og_url":"http:\/\/www.refugeheva.com\/refugeheva\/offerings\/","og_site_name":"Refuge d&#039;Heva","article_modified_time":"2024-07-21T15:48:45+00:00","og_image":[{"url":"http:\/\/www.refugeheva.com\/refugeheva\/wp-content\/uploads\/2024\/07\/IMG_20221218_174411_688-scaled.jpg"}],"twitter_card":"summary_large_image","twitter_misc":{"Dur\u00e9e de lecture estim\u00e9e":"3 minutes"},"schema":{"@context":"https:\/\/schema.org","@graph":[{"@type":"WebPage","@id":"http:\/\/www.refugeheva.com\/refugeheva\/offerings\/","url":"http:\/\/www.refugeheva.com\/refugeheva\/offerings\/","name":"Offerings - Refuge d&#039;Heva","isPartOf":{"@id":"http:\/\/www.refugeheva.com\/refugeheva\/#website"},"primaryImageOfPage":{"@id":"http:\/\/www.refugeheva.com\/refugeheva\/offerings\/#primaryimage"},"image":{"@id":"http:\/\/www.refugeheva.com\/refugeheva\/offerings\/#primaryimage"},"thumbnailUrl":"http:\/\/www.refugeheva.com\/refugeheva\/wp-content\/uploads\/2024\/07\/IMG_20221218_174411_688-scaled.jpg","datePublished":"2024-07-21T04:19:33+00:00","dateModified":"2024-07-21T15:48:45+00:00","breadcrumb":{"@id":"http:\/\/www.refugeheva.com\/refugeheva\/offerings\/#breadcrumb"},"inLanguage":"fr-FR","potentialAction":[{"@type":"ReadAction","target":["http:\/\/www.refugeheva.com\/refugeheva\/offerings\/"]}]},{"@type":"ImageObject","inLanguage":"fr-FR","@id":"http:\/\/www.refugeheva.com\/refugeheva\/offerings\/#primaryimage","url":"http:\/\/www.refugeheva.com\/refugeheva\/wp-content\/uploads\/2024\/07\/IMG_20221218_174411_688-scaled.jpg","contentUrl":"http:\/\/www.refugeheva.com\/refugeheva\/wp-content\/uploads\/2024\/07\/IMG_20221218_174411_688-scaled.jpg","width":2560,"height":1707,"caption":"refuge d'Heva - Salazie"},{"@type":"BreadcrumbList","@id":"http:\/\/www.refugeheva.com\/refugeheva\/offerings\/#breadcrumb","itemListElement":[{"@type":"ListItem","position":1,"name":"Accueil","item":"http:\/\/www.refugeheva.com\/refugeheva\/"},{"@type":"ListItem","position":2,"name":"Offerings"}]},{"@type":"WebSite","@id":"http:\/\/www.refugeheva.com\/refugeheva\/#website","url":"http:\/\/www.refugeheva.com\/refugeheva\/","name":"Refuge d&#039;Heva","description":"Evasion en nature","potentialAction":[{"@type":"SearchAction","target":{"@type":"EntryPoint","urlTemplate":"http:\/\/www.refugeheva.com\/refugeheva\/?s={search_term_string}"},"query-input":"required name=search_term_string"}],"inLanguage":"fr-FR"}]}},"uagb_featured_image_src":{"full":false,"thumbnail":false,"medium":false,"medium_large":false,"large":false,"1536x1536":false,"2048x2048":false},"uagb_author_info":{"display_name":"refugeheva","author_link":"http:\/\/www.refugeheva.com\/refugeheva\/author\/refugeheva\/"},"uagb_comment_info":0,"uagb_excerpt":"D\u00e9couvrez nos offres Notre Promesse Unique D\u00e9couvrez comment nous cr\u00e9ons des exp\u00e9riences uniques et m\u00e9morables pour nos clients \u00e0 chaque [&hellip;]","_links":{"self":[{"href":"http:\/\/www.refugeheva.com\/refugeheva\/wp-json\/wp\/v2\/pages\/167","targetHints":{"allow":["GET"]}}],"collection":[{"href":"http:\/\/www.refugeheva.com\/refugeheva\/wp-json\/wp\/v2\/pages"}],"about":[{"href":"http:\/\/www.refugeheva.com\/refugeheva\/wp-json\/wp\/v2\/types\/page"}],"author":[{"embeddable":true,"href":"http:\/\/www.refugeheva.com\/refugeheva\/wp-json\/wp\/v2\/users\/1"}],"replies":[{"embeddable":true,"href":"http:\/\/www.refugeheva.com\/refugeheva\/wp-json\/wp\/v2\/comments?post=167"}],"version-history":[{"count":3,"href":"http:\/\/www.refugeheva.com\/refugeheva\/wp-json\/wp\/v2\/pages\/167\/revisions"}],"predecessor-version":[{"id":1619,"href":"http:\/\/www.refugeheva.com\/refugeheva\/wp-json\/wp\/v2\/pages\/167\/revisions\/1619"}],"wp:attachment":[{"href":"http:\/\/www.refugeheva.com\/refugeheva\/wp-json\/wp\/v2\/media?parent=167"}],"curies":[{"name":"wp","href":"https:\/\/api.w.org\/{rel}","templated":true}]}}