{"id":118,"date":"2024-07-21T06:19:32","date_gmt":"2024-07-21T04:19:32","guid":{"rendered":"http:\/\/www.refugeheva.com\/refugeheva\/index.php\/about\/"},"modified":"2024-07-21T17:43:11","modified_gmt":"2024-07-21T15:43:11","slug":"about","status":"publish","type":"page","link":"http:\/\/www.refugeheva.com\/refugeheva\/about\/","title":{"rendered":"About"},"content":{"rendered":"\n<div class=\"wp-block-uagb-container uagb-block-7fa683e6 alignfull uagb-is-root-container\"><div class=\"uagb-container-inner-blocks-wrap\">\n<div class=\"wp-block-uagb-advanced-heading uagb-block-74b342eb\"><h1 class=\"uagb-heading-text\">\u00c0 Propos de Nous<\/h1><\/div>\n<\/div><\/div>\n\n\n\n<div class=\"wp-block-uagb-container uagb-block-94ded581 alignfull uagb-is-root-container\"><div class=\"uagb-container-inner-blocks-wrap\">\n<div class=\"wp-block-uagb-advanced-heading uagb-block-671f3570\"><h2 class=\"uagb-heading-text\">Notre Histoire<\/h2><\/div>\n\n\n\n<div class=\"wp-block-uagb-container uagb-block-21891d52\">\n<div class=\"wp-block-uagb-container uagb-block-8a4a99e4\">\n<div class=\"wp-block-uagb-image alignleft uagb-block-e71a6b83 wp-block-uagb-image--layout-default wp-block-uagb-image--effect-static wp-block-uagb-image--align-left\"><figure class=\"wp-block-uagb-image__figure\"><img loading=\"lazy\" decoding=\"async\" srcset=\"http:\/\/www.refugeheva.com\/refugeheva\/wp-content\/uploads\/2024\/07\/IMG_20240712_135859-scaled.jpg ,http:\/\/www.refugeheva.com\/refugeheva\/wp-content\/uploads\/2024\/07\/IMG_20240712_135859-scaled.jpg 780w\" sizes=\"auto, (max-width: 480px) 150px\" src=\"http:\/\/www.refugeheva.com\/refugeheva\/wp-content\/uploads\/2024\/07\/IMG_20240712_135859-scaled.jpg\" alt=\"\" class=\"uag-image-19\" width=\"526\" height=\"536\" title=\"\" loading=\"lazy\" role=\"img\"\/><\/figure><\/div>\n<\/div>\n\n\n\n<div class=\"wp-block-uagb-container uagb-block-7e959f87\">\n<div class=\"wp-block-uagb-info-box uagb-block-4960c374 uagb-infobox__content-wrap  uagb-infobox-icon-above-title uagb-infobox-image-valign-top\"><div class=\"uagb-ifb-content\"><div class=\"uagb-ifb-title-wrap\"><h3 class=\"uagb-ifb-title\">Bas\u00e9 au c\u0153ur de Salazie, Refuge d&rsquo;Heva propose des h\u00e9bergements uniques qui allient confort, vue panoramique et d\u00e9paysement total pour les familles et les couples en qu\u00eate d&rsquo;\u00e9vasion.<\/h3><\/div><p class=\"uagb-ifb-desc\">Le \u00ab\u00a0Refuge d\u2019Heva\u00a0\u00bb tire son nom de l\u2019histoire l\u00e9gendaire de Heva, l\u2019\u00e9pouse d\u2019Anchaing, un esclave marron c\u00e9l\u00e8bre de La R\u00e9union.<br><br>Ensemble, ils ont brav\u00e9 les dangers pour trouver refuge dans les montagnes de Salazie, symbole de leur qu\u00eate de libert\u00e9 et de leur amour indomptable. Nos logements rendent hommage \u00e0 cet h\u00e9ritage, offrant un sanctuaire paisible avec des vues spectaculaires sur les montagnes et la cascade du Voile de la Mari\u00e9e.<br><br>S\u00e9journer ici, c\u2019est plonger dans une histoire d\u2019amour et de courage tout en profitant de la beaut\u00e9 naturelle de La R\u00e9union.<\/p><\/div><\/div>\n<\/div>\n<\/div>\n<\/div><\/div>\n\n\n\n<div class=\"wp-block-uagb-container uagb-block-cc344175 alignfull uagb-is-root-container\"><div class=\"uagb-container-inner-blocks-wrap\">\n<div class=\"wp-block-uagb-advanced-heading uagb-block-7b2294a3\"><h2 class=\"uagb-heading-text\">Nos Valeurs<\/h2><p class=\"uagb-desc-text\">Engagement envers l&rsquo;excellence et l&rsquo;authenticit\u00e9<\/p><\/div>\n\n\n\n<div class=\"wp-block-uagb-container uagb-block-ecb8dade\">\n<div class=\"wp-block-uagb-advanced-heading uagb-block-bef7d43a\"><h3 class=\"uagb-heading-text\">Hospitalit\u00e9<\/h3><p class=\"uagb-desc-text\">Nous pla\u00e7ons le bien-\u00eatre de nos visiteurs au c\u0153ur de notre mission, en offrant un accueil chaleureux et des services personnalis\u00e9s pour une exp\u00e9rience m\u00e9morable.<\/p><\/div>\n\n\n\n<div class=\"wp-block-uagb-advanced-heading uagb-block-b863782d\"><h3 class=\"uagb-heading-text\">Qualit\u00e9<\/h3><p class=\"uagb-desc-text\">Nous nous engageons \u00e0 maintenir des normes de qualit\u00e9 \u00e9lev\u00e9es dans tous les aspects de nos h\u00e9bergements et services, pour garantir la satisfaction de nos clients.<\/p><\/div>\n\n\n\n<div class=\"wp-block-uagb-advanced-heading uagb-block-9f890ad2\"><h3 class=\"uagb-heading-text\">Durabilit\u00e9<\/h3><p class=\"uagb-desc-text\">Nous sommes soucieux de l&rsquo;impact environnemental de nos activit\u00e9s et nous nous effor\u00e7ons de promouvoir des pratiques durables pour pr\u00e9server la beaut\u00e9 naturelle de notre r\u00e9gion.<\/p><\/div>\n<\/div>\n<\/div><\/div>\n\n\n\n<div class=\"wp-block-uagb-container uagb-block-c84325e4 alignfull uagb-is-root-container\"><div class=\"uagb-container-inner-blocks-wrap\">\n<div class=\"wp-block-uagb-info-box uagb-block-d8a09d88 uagb-infobox__content-wrap  uagb-infobox-icon-above-title uagb-infobox-image-valign-top\"><div class=\"uagb-ifb-content\"><div class=\"uagb-ifb-title-wrap\"><h2 class=\"uagb-ifb-title\">Abonnez-vous \u00e0 notre Newsletter<\/h2><\/div><p class=\"uagb-ifb-desc\">Recevez les derni\u00e8res offres et actualit\u00e9s du Refuge d&rsquo;Heva directement dans votre bo\u00eete de r\u00e9ception. Ne manquez aucune nouveaut\u00e9 !<\/p><div class=\"uagb-ifb-button-wrapper wp-block-button\"><a href=\"\/contact\/\" class=\"uagb-infobox-cta-link wp-block-button__link\" target=\"_self\" rel=\"noopener noreferrer\" onclick=\"return true;\" alt=\"\"><span class=\"uagb-inline-editing\">R\u00e9servez maintenant<\/span><\/a><\/div><\/div><\/div>\n<\/div><\/div>\n","protected":false},"excerpt":{"rendered":"<p>\u00c0 Propos de Nous Notre Histoire Nos Valeurs Engagement envers l&rsquo;excellence et l&rsquo;authenticit\u00e9 Hospitalit\u00e9 Nous pla\u00e7ons le bien-\u00eatre de nos [&hellip;]<\/p>\n","protected":false},"author":1,"featured_media":0,"parent":0,"menu_order":0,"comment_status":"closed","ping_status":"closed","template":"","meta":{"_uag_custom_page_level_css":"","site-sidebar-layout":"default","site-content-layout":"","ast-site-content-layout":"default","site-content-style":"default","site-sidebar-style":"default","ast-global-header-display":"","ast-banner-title-visibility":"","ast-main-header-display":"","ast-hfb-above-header-display":"","ast-hfb-below-header-display":"","ast-hfb-mobile-header-display":"","site-post-title":"disabled","ast-breadcrumbs-content":"","ast-featured-img":"","footer-sml-layout":"","theme-transparent-header-meta":"enabled","adv-header-id-meta":"","stick-header-meta":"","header-above-stick-meta":"","header-main-stick-meta":"","header-below-stick-meta":"","astra-migrate-meta-layouts":"set","ast-page-background-enabled":"default","ast-page-background-meta":{"desktop":{"background-color":"var(--ast-global-color-4)","background-image":"","background-repeat":"repeat","background-position":"center center","background-size":"auto","background-attachment":"scroll","background-type":"","background-media":"","overlay-type":"","overlay-color":"","overlay-opacity":"","overlay-gradient":""},"tablet":{"background-color":"","background-image":"","background-repeat":"repeat","background-position":"center center","background-size":"auto","background-attachment":"scroll","background-type":"","background-media":"","overlay-type":"","overlay-color":"","overlay-opacity":"","overlay-gradient":""},"mobile":{"background-color":"","background-image":"","background-repeat":"repeat","background-position":"center center","background-size":"auto","background-attachment":"scroll","background-type":"","background-media":"","overlay-type":"","overlay-color":"","overlay-opacity":"","overlay-gradient":""}},"ast-content-background-meta":{"desktop":{"background-color":"var(--ast-global-color-5)","background-image":"","background-repeat":"repeat","background-position":"center center","background-size":"auto","background-attachment":"scroll","background-type":"","background-media":"","overlay-type":"","overlay-color":"","overlay-opacity":"","overlay-gradient":""},"tablet":{"background-color":"var(--ast-global-color-5)","background-image":"","background-repeat":"repeat","background-position":"center center","background-size":"auto","background-attachment":"scroll","background-type":"","background-media":"","overlay-type":"","overlay-color":"","overlay-opacity":"","overlay-gradient":""},"mobile":{"background-color":"var(--ast-global-color-5)","background-image":"","background-repeat":"repeat","background-position":"center center","background-size":"auto","background-attachment":"scroll","background-type":"","background-media":"","overlay-type":"","overlay-color":"","overlay-opacity":"","overlay-gradient":""}},"footnotes":""},"class_list":["post-118","page","type-page","status-publish","hentry"],"yoast_head":"<!-- This site is optimized with the Yoast SEO plugin v23.0 - https:\/\/yoast.com\/wordpress\/plugins\/seo\/ -->\n<title>About - Refuge d&#039;Heva<\/title>\n<meta name=\"robots\" content=\"index, follow, max-snippet:-1, max-image-preview:large, max-video-preview:-1\" \/>\n<link rel=\"canonical\" href=\"http:\/\/www.refugeheva.com\/refugeheva\/about\/\" \/>\n<meta property=\"og:locale\" content=\"fr_FR\" \/>\n<meta property=\"og:type\" content=\"article\" \/>\n<meta property=\"og:title\" content=\"About - Refuge d&#039;Heva\" \/>\n<meta property=\"og:description\" content=\"\u00c0 Propos de Nous Notre Histoire Nos Valeurs Engagement envers l&rsquo;excellence et l&rsquo;authenticit\u00e9 Hospitalit\u00e9 Nous pla\u00e7ons le bien-\u00eatre de nos [&hellip;]\" \/>\n<meta property=\"og:url\" content=\"http:\/\/www.refugeheva.com\/refugeheva\/about\/\" \/>\n<meta property=\"og:site_name\" content=\"Refuge d&#039;Heva\" \/>\n<meta property=\"article:modified_time\" content=\"2024-07-21T15:43:11+00:00\" \/>\n<meta property=\"og:image\" content=\"http:\/\/www.refugeheva.com\/refugeheva\/wp-content\/uploads\/2024\/07\/IMG_20240712_135859-scaled.jpg\" \/>\n<meta name=\"twitter:card\" content=\"summary_large_image\" \/>\n<meta name=\"twitter:label1\" content=\"Dur\u00e9e de lecture estim\u00e9e\" \/>\n\t<meta name=\"twitter:data1\" content=\"2 minutes\" \/>\n<script type=\"application\/ld+json\" class=\"yoast-schema-graph\">{\"@context\":\"https:\/\/schema.org\",\"@graph\":[{\"@type\":\"WebPage\",\"@id\":\"http:\/\/www.refugeheva.com\/refugeheva\/about\/\",\"url\":\"http:\/\/www.refugeheva.com\/refugeheva\/about\/\",\"name\":\"About - Refuge d&#039;Heva\",\"isPartOf\":{\"@id\":\"http:\/\/www.refugeheva.com\/refugeheva\/#website\"},\"primaryImageOfPage\":{\"@id\":\"http:\/\/www.refugeheva.com\/refugeheva\/about\/#primaryimage\"},\"image\":{\"@id\":\"http:\/\/www.refugeheva.com\/refugeheva\/about\/#primaryimage\"},\"thumbnailUrl\":\"http:\/\/www.refugeheva.com\/refugeheva\/wp-content\/uploads\/2024\/07\/IMG_20240712_135859-scaled.jpg\",\"datePublished\":\"2024-07-21T04:19:32+00:00\",\"dateModified\":\"2024-07-21T15:43:11+00:00\",\"breadcrumb\":{\"@id\":\"http:\/\/www.refugeheva.com\/refugeheva\/about\/#breadcrumb\"},\"inLanguage\":\"fr-FR\",\"potentialAction\":[{\"@type\":\"ReadAction\",\"target\":[\"http:\/\/www.refugeheva.com\/refugeheva\/about\/\"]}]},{\"@type\":\"ImageObject\",\"inLanguage\":\"fr-FR\",\"@id\":\"http:\/\/www.refugeheva.com\/refugeheva\/about\/#primaryimage\",\"url\":\"http:\/\/www.refugeheva.com\/refugeheva\/wp-content\/uploads\/2024\/07\/IMG_20240712_135859-scaled.jpg\",\"contentUrl\":\"http:\/\/www.refugeheva.com\/refugeheva\/wp-content\/uploads\/2024\/07\/IMG_20240712_135859-scaled.jpg\",\"width\":2560,\"height\":1923,\"caption\":\"Refuge d'Heva - La bulle a Salazie\"},{\"@type\":\"BreadcrumbList\",\"@id\":\"http:\/\/www.refugeheva.com\/refugeheva\/about\/#breadcrumb\",\"itemListElement\":[{\"@type\":\"ListItem\",\"position\":1,\"name\":\"Accueil\",\"item\":\"http:\/\/www.refugeheva.com\/refugeheva\/\"},{\"@type\":\"ListItem\",\"position\":2,\"name\":\"About\"}]},{\"@type\":\"WebSite\",\"@id\":\"http:\/\/www.refugeheva.com\/refugeheva\/#website\",\"url\":\"http:\/\/www.refugeheva.com\/refugeheva\/\",\"name\":\"Refuge d&#039;Heva\",\"description\":\"Evasion en nature\",\"potentialAction\":[{\"@type\":\"SearchAction\",\"target\":{\"@type\":\"EntryPoint\",\"urlTemplate\":\"http:\/\/www.refugeheva.com\/refugeheva\/?s={search_term_string}\"},\"query-input\":\"required name=search_term_string\"}],\"inLanguage\":\"fr-FR\"}]}<\/script>\n<!-- \/ Yoast SEO plugin. -->","yoast_head_json":{"title":"About - Refuge d&#039;Heva","robots":{"index":"index","follow":"follow","max-snippet":"max-snippet:-1","max-image-preview":"max-image-preview:large","max-video-preview":"max-video-preview:-1"},"canonical":"http:\/\/www.refugeheva.com\/refugeheva\/about\/","og_locale":"fr_FR","og_type":"article","og_title":"About - Refuge d&#039;Heva","og_description":"\u00c0 Propos de Nous Notre Histoire Nos Valeurs Engagement envers l&rsquo;excellence et l&rsquo;authenticit\u00e9 Hospitalit\u00e9 Nous pla\u00e7ons le bien-\u00eatre de nos [&hellip;]","og_url":"http:\/\/www.refugeheva.com\/refugeheva\/about\/","og_site_name":"Refuge d&#039;Heva","article_modified_time":"2024-07-21T15:43:11+00:00","og_image":[{"url":"http:\/\/www.refugeheva.com\/refugeheva\/wp-content\/uploads\/2024\/07\/IMG_20240712_135859-scaled.jpg"}],"twitter_card":"summary_large_image","twitter_misc":{"Dur\u00e9e de lecture estim\u00e9e":"2 minutes"},"schema":{"@context":"https:\/\/schema.org","@graph":[{"@type":"WebPage","@id":"http:\/\/www.refugeheva.com\/refugeheva\/about\/","url":"http:\/\/www.refugeheva.com\/refugeheva\/about\/","name":"About - Refuge d&#039;Heva","isPartOf":{"@id":"http:\/\/www.refugeheva.com\/refugeheva\/#website"},"primaryImageOfPage":{"@id":"http:\/\/www.refugeheva.com\/refugeheva\/about\/#primaryimage"},"image":{"@id":"http:\/\/www.refugeheva.com\/refugeheva\/about\/#primaryimage"},"thumbnailUrl":"http:\/\/www.refugeheva.com\/refugeheva\/wp-content\/uploads\/2024\/07\/IMG_20240712_135859-scaled.jpg","datePublished":"2024-07-21T04:19:32+00:00","dateModified":"2024-07-21T15:43:11+00:00","breadcrumb":{"@id":"http:\/\/www.refugeheva.com\/refugeheva\/about\/#breadcrumb"},"inLanguage":"fr-FR","potentialAction":[{"@type":"ReadAction","target":["http:\/\/www.refugeheva.com\/refugeheva\/about\/"]}]},{"@type":"ImageObject","inLanguage":"fr-FR","@id":"http:\/\/www.refugeheva.com\/refugeheva\/about\/#primaryimage","url":"http:\/\/www.refugeheva.com\/refugeheva\/wp-content\/uploads\/2024\/07\/IMG_20240712_135859-scaled.jpg","contentUrl":"http:\/\/www.refugeheva.com\/refugeheva\/wp-content\/uploads\/2024\/07\/IMG_20240712_135859-scaled.jpg","width":2560,"height":1923,"caption":"Refuge d'Heva - La bulle a Salazie"},{"@type":"BreadcrumbList","@id":"http:\/\/www.refugeheva.com\/refugeheva\/about\/#breadcrumb","itemListElement":[{"@type":"ListItem","position":1,"name":"Accueil","item":"http:\/\/www.refugeheva.com\/refugeheva\/"},{"@type":"ListItem","position":2,"name":"About"}]},{"@type":"WebSite","@id":"http:\/\/www.refugeheva.com\/refugeheva\/#website","url":"http:\/\/www.refugeheva.com\/refugeheva\/","name":"Refuge d&#039;Heva","description":"Evasion en nature","potentialAction":[{"@type":"SearchAction","target":{"@type":"EntryPoint","urlTemplate":"http:\/\/www.refugeheva.com\/refugeheva\/?s={search_term_string}"},"query-input":"required name=search_term_string"}],"inLanguage":"fr-FR"}]}},"uagb_featured_image_src":{"full":false,"thumbnail":false,"medium":false,"medium_large":false,"large":false,"1536x1536":false,"2048x2048":false},"uagb_author_info":{"display_name":"refugeheva","author_link":"http:\/\/www.refugeheva.com\/refugeheva\/author\/refugeheva\/"},"uagb_comment_info":0,"uagb_excerpt":"\u00c0 Propos de Nous Notre Histoire Nos Valeurs Engagement envers l&rsquo;excellence et l&rsquo;authenticit\u00e9 Hospitalit\u00e9 Nous pla\u00e7ons le bien-\u00eatre de nos [&hellip;]","_links":{"self":[{"href":"http:\/\/www.refugeheva.com\/refugeheva\/wp-json\/wp\/v2\/pages\/118","targetHints":{"allow":["GET"]}}],"collection":[{"href":"http:\/\/www.refugeheva.com\/refugeheva\/wp-json\/wp\/v2\/pages"}],"about":[{"href":"http:\/\/www.refugeheva.com\/refugeheva\/wp-json\/wp\/v2\/types\/page"}],"author":[{"embeddable":true,"href":"http:\/\/www.refugeheva.com\/refugeheva\/wp-json\/wp\/v2\/users\/1"}],"replies":[{"embeddable":true,"href":"http:\/\/www.refugeheva.com\/refugeheva\/wp-json\/wp\/v2\/comments?post=118"}],"version-history":[{"count":3,"href":"http:\/\/www.refugeheva.com\/refugeheva\/wp-json\/wp\/v2\/pages\/118\/revisions"}],"predecessor-version":[{"id":1616,"href":"http:\/\/www.refugeheva.com\/refugeheva\/wp-json\/wp\/v2\/pages\/118\/revisions\/1616"}],"wp:attachment":[{"href":"http:\/\/www.refugeheva.com\/refugeheva\/wp-json\/wp\/v2\/media?parent=118"}],"curies":[{"name":"wp","href":"https:\/\/api.w.org\/{rel}","templated":true}]}}